{"id":65,"date":"2020-02-24T11:32:41","date_gmt":"2020-02-24T10:32:41","guid":{"rendered":"http:\/\/wastl.uber.space\/?page_id=65"},"modified":"2022-03-18T20:46:35","modified_gmt":"2022-03-18T19:46:35","slug":"impressum","status":"publish","type":"page","link":"https:\/\/wastl.uber.space\/?page_id=65","title":{"rendered":"Impressum"},"content":{"rendered":"\n<p>Sebastian E\u00dfl<br>Fritzengutweg 6<br>5412 Puch bei Hallein | Austria<\/p>\n\n\n\n<p>Installationen von Gas-, Sanit\u00e4r-, Solar-, L\u00fcftungs- und Heizungstechnik<\/p>\n\n\n\n<p>Tel: +43 660 48 54 933<br>E-Mail: sebastian.essl63@gmail.com<\/p>\n\n\n\n<p>UID-Nr: ATU74021836<\/p>\n\n\n\n<p>Mitglied der WK\u00d6, WKS<\/p>\n\n\n\n<p>Berufsrecht: Gewerbeordnung: <a href=\"http:\/\/www.ris.bka.gv.at\">http:\/\/www.ris.bka.gv.at<\/a><\/p>\n\n\n\n<p>Bezirkshauptmannschaft Hallein<\/p>\n\n\n\n<p>Meisterbetrieb, Meisterpr\u00fcfung abgelegt in Salzburg, \u00d6sterreich<\/p>\n\n\n\n<p>Verbraucher haben die M\u00f6glichkeit, Beschwerden an die Online-Streitbeilegungsplattform der EU zu richten: <a href=\"http:\/\/http.\/\/ec.europa.eu\/odr\">http:\/\/http.\/\/ec.europa.eu\/odr<\/a><br>Sie k\u00f6nnen allf\u00e4llige Beschwerden auch an die oben angegebene E-Mail-Adresse richten.<\/p>\n","protected":false},"excerpt":{"rendered":"<p>Sebastian E\u00dflFritzengutweg 65412 Puch bei Hallein | Austria Installationen von Gas-, Sanit\u00e4r-, Solar-, L\u00fcftungs- und Heizungstechnik Tel: +43 660 48 54 [&hellip;]<\/p>\n","protected":false},"author":1,"featured_media":0,"parent":0,"menu_order":50,"comment_status":"closed","ping_status":"closed","template":"","meta":{"footnotes":""},"_links":{"self":[{"href":"https:\/\/wastl.uber.space\/index.php?rest_route=\/wp\/v2\/pages\/65"}],"collection":[{"href":"https:\/\/wastl.uber.space\/index.php?rest_route=\/wp\/v2\/pages"}],"about":[{"href":"https:\/\/wastl.uber.space\/index.php?rest_route=\/wp\/v2\/types\/page"}],"author":[{"embeddable":true,"href":"https:\/\/wastl.uber.space\/index.php?rest_route=\/wp\/v2\/users\/1"}],"replies":[{"embeddable":true,"href":"https:\/\/wastl.uber.space\/index.php?rest_route=%2Fwp%2Fv2%2Fcomments&post=65"}],"version-history":[{"count":4,"href":"https:\/\/wastl.uber.space\/index.php?rest_route=\/wp\/v2\/pages\/65\/revisions"}],"predecessor-version":[{"id":93,"href":"https:\/\/wastl.uber.space\/index.php?rest_route=\/wp\/v2\/pages\/65\/revisions\/93"}],"wp:attachment":[{"href":"https:\/\/wastl.uber.space\/index.php?rest_route=%2Fwp%2Fv2%2Fmedia&parent=65"}],"curies":[{"name":"wp","href":"https:\/\/api.w.org\/{rel}","templated":true}]}}