{"id":13,"date":"2020-02-18T12:42:52","date_gmt":"2020-02-18T11:42:52","guid":{"rendered":"http:\/\/wastl.uber.space\/?page_id=13"},"modified":"2021-12-06T20:52:18","modified_gmt":"2021-12-06T19:52:18","slug":"uber-mich","status":"publish","type":"page","link":"https:\/\/wastl.uber.space\/?page_id=13","title":{"rendered":"\u00dcber uns"},"content":{"rendered":"\n<p><img loading=\"lazy\" decoding=\"async\" width=\"959\" height=\"640\" class=\"wp-image-42\" style=\"width: 150px;\" src=\"http:\/\/wastl.uber.space\/wp-content\/uploads\/2020\/02\/ProfilBild.jpg\" alt=\"\" srcset=\"https:\/\/wastl.uber.space\/wp-content\/uploads\/2020\/02\/ProfilBild.jpg 959w, https:\/\/wastl.uber.space\/wp-content\/uploads\/2020\/02\/ProfilBild-300x200.jpg 300w, https:\/\/wastl.uber.space\/wp-content\/uploads\/2020\/02\/ProfilBild-768x513.jpg 768w\" sizes=\"(max-width: 959px) 100vw, 959px\" \/> Mein Name ist Sebastian E\u00dfl.<\/p>\n\n\n\n<p>Ich durfte 2010 meine Lehre zum Heizungsfachmann abschlie\u00dfen.<br>20xx durfte ich dann den Meisterbrief in Heizungs erhalten.<\/p>\n\n\n\n<p>2018 packte ich dann die Chance beim Kopf und machte mich Selbstst\u00e4ndig.<\/p>\n\n\n\n<p>Es w\u00fcrde mich freuen wenn, ich mich um Ihre W\u00fcnsche, Bed\u00fcrfnisse oder Notf\u00e4lle rund um Gas-, Wasser- und Heizungsinstallationen k\u00fcmmern d\u00fcrfte.<\/p>\n","protected":false},"excerpt":{"rendered":"<p>Mein Name ist Sebastian E\u00dfl. Ich durfte 2010 meine Lehre zum Heizungsfachmann abschlie\u00dfen.20xx durfte ich dann den Meisterbrief in Heizungs erhalten. [&hellip;]<\/p>\n","protected":false},"author":1,"featured_media":0,"parent":0,"menu_order":10,"comment_status":"closed","ping_status":"closed","template":"","meta":{"footnotes":""},"_links":{"self":[{"href":"https:\/\/wastl.uber.space\/index.php?rest_route=\/wp\/v2\/pages\/13"}],"collection":[{"href":"https:\/\/wastl.uber.space\/index.php?rest_route=\/wp\/v2\/pages"}],"about":[{"href":"https:\/\/wastl.uber.space\/index.php?rest_route=\/wp\/v2\/types\/page"}],"author":[{"embeddable":true,"href":"https:\/\/wastl.uber.space\/index.php?rest_route=\/wp\/v2\/users\/1"}],"replies":[{"embeddable":true,"href":"https:\/\/wastl.uber.space\/index.php?rest_route=%2Fwp%2Fv2%2Fcomments&post=13"}],"version-history":[{"count":4,"href":"https:\/\/wastl.uber.space\/index.php?rest_route=\/wp\/v2\/pages\/13\/revisions"}],"predecessor-version":[{"id":81,"href":"https:\/\/wastl.uber.space\/index.php?rest_route=\/wp\/v2\/pages\/13\/revisions\/81"}],"wp:attachment":[{"href":"https:\/\/wastl.uber.space\/index.php?rest_route=%2Fwp%2Fv2%2Fmedia&parent=13"}],"curies":[{"name":"wp","href":"https:\/\/api.w.org\/{rel}","templated":true}]}}